{"id":9508,"date":"2016-03-03T16:17:07","date_gmt":"2016-03-03T15:23:49","guid":{"rendered":"http:\/\/www.revuenoire.com\/en\/?post_type=product&#038;p=9508"},"modified":"2022-12-12T16:56:31","modified_gmt":"2022-12-12T15:56:31","slug":"legend-bruly-bouabre","status":"publish","type":"product","link":"https:\/\/www.revuenoire.com\/en\/product\/legend-bruly-bouabre\/","title":{"rendered":"Fr\u00e9d\u00e9ric Bruly Bouabr\u00e9"},"content":{"rendered":"","protected":false},"excerpt":{"rendered":"<p>.<\/p>\n<h1>THE DOMIN &amp;\u00a0ZeZe LEGEND<\/h1>\n<h3>(LA L\u00c9GENDE DE DOMIN AND Z\u00e9Z\u00ea)<\/h3>\n<p>.<\/p>\n<p>.<\/p>\n<p>&#8220;Legends are immortal songs of immortal souls. Their origins are more than distant. The legends owe their survival to their beauty, their simplicity, their clarity, the light they bring to the history of this world, the history of mankind.&#8221;<\/p>\n<p>(Fr\u00e9d\u00e9ric Bruly Bouabr\u00e9, extract)<\/p>\n<p>.<\/p>\n<p>.<\/p>\n<p>.<\/p>\n<p>Editor Jean Loup Pivin<br \/>\nPhilosophical tale illustrated with 53 drawings by Fr\u00e9d\u00e9ric Bruly Bouabr\u00e9<\/p>\n<p>With 2 essays by Denis Escudier &#8220;Researcher, discover this man, also thinking reed&#8221; and &#8220;Vernacular Bete Language&#8221;<br \/>\n41 photos by Philippe Bordas<br \/>\nHardcover of 200 colors pages 24&#215;32 cm<\/p>\n<p>Published in\u00a01994 (co-edition Hazan)<\/p>\n<p>in French only<\/p>\n<p>ISBN 2 85025 3812<\/p>\n<p>.<\/p>\n<p>.<\/p>\n<p>.<\/p>\n<p>&#8216;PDF BOOK&#8217; only available<\/p>\n<p>.<\/p>\n<p>.<\/p>\n<p>.<\/p>\n","protected":false},"featured_media":8756,"template":"","meta":{"_exactmetrics_skip_tracking":false,"_exactmetrics_sitenote_active":false,"_exactmetrics_sitenote_note":"","_exactmetrics_sitenote_category":0},"product_cat":[86,92,59],"product_tag":[],"aioseo_notices":[],"_links":{"self":[{"href":"https:\/\/www.revuenoire.com\/en\/wp-json\/wp\/v2\/product\/9508"}],"collection":[{"href":"https:\/\/www.revuenoire.com\/en\/wp-json\/wp\/v2\/product"}],"about":[{"href":"https:\/\/www.revuenoire.com\/en\/wp-json\/wp\/v2\/types\/product"}],"wp:featuredmedia":[{"embeddable":true,"href":"https:\/\/www.revuenoire.com\/en\/wp-json\/wp\/v2\/media\/8756"}],"wp:attachment":[{"href":"https:\/\/www.revuenoire.com\/en\/wp-json\/wp\/v2\/media?parent=9508"}],"wp:term":[{"taxonomy":"product_cat","embeddable":true,"href":"https:\/\/www.revuenoire.com\/en\/wp-json\/wp\/v2\/product_cat?post=9508"},{"taxonomy":"product_tag","embeddable":true,"href":"https:\/\/www.revuenoire.com\/en\/wp-json\/wp\/v2\/product_tag?post=9508"}],"curies":[{"name":"wp","href":"https:\/\/api.w.org\/{rel}","templated":true}]}}