{"id":8151,"date":"2016-03-01T18:38:17","date_gmt":"2016-03-01T17:50:30","guid":{"rendered":"http:\/\/www.revuenoire.com\/en\/?post_type=product&#038;p=8151"},"modified":"2022-12-12T12:45:50","modified_gmt":"2022-12-12T11:45:50","slug":"trans","status":"publish","type":"product","link":"https:\/\/www.revuenoire.com\/en\/product\/trans\/","title":{"rendered":"Trans \u2013 Cameroon \/ Madagascar \/ Haiti \/ France"},"content":{"rendered":"","protected":false},"excerpt":{"rendered":"<h3>.<\/h3>\n<h1>A trans-continental, trans-cultural, trans-disciplinary\u00a0PROJECT<\/h1>\n<p>.<\/p>\n<p>.<\/p>\n<h3>supported by the Cultural European Commission.<\/h3>\n<p>.<\/p>\n<p>.<\/p>\n<p>between 4 cultural institutionss :<\/p>\n<p>DOUAL&#8217;ARt in Douala (Cameroon)<\/p>\n<p>30 ET PRESQUE-SONGES in Antananarivo (Madagascar)<\/p>\n<p>AFRICAMERICA in Port-au-Prince (Haiti)<\/p>\n<p>REVUE NOIRE in Paris (France)<\/p>\n<p>.<\/p>\n<p>.<\/p>\n<p>With the\u00a0artists Jo\u00ebl Andrianomearisoa, Herv\u00e9 Yamguen, Alain Polo, Maksaens Denis, Eddy Jean R\u00e9my, Rina Ralay-Ranaivo, Guy R\u00e9gis Junior, Temandrota, Sadrak, Boris Nzebo, Mario Benjamin, Tojo Herinirina Rasolojaona, Moshekwa Langa, Marie Vic.<\/p>\n<p>.<\/p>\n<p>.<\/p>\n<p>.<\/p>\n<p>Editor\u00a0Jean Loup Pivin<\/p>\n<p>45 coloprs photographs<\/p>\n<p>Texts by Jean Loup Pivin, Herv\u00e9 Yamguen, Boris Nzebo, Jo\u00ebl Andrianomearisoa, Rina Ralay-Ranaivo, Pascale Jauney and Tessa Mars.<\/p>\n<p>Paperback of\u00a0108 pages 14&#215;19 cm<\/p>\n<p>In\u00a0French\u00a0and\u00a0English<\/p>\n<p>EAN 978 2 909571 713<\/p>\n<p>.<\/p>\n<p>.<\/p>\n<p>.<\/p>\n<p>&#8216;PAPER or PDF BOOK&#8217; available<\/p>\n<p>.<\/p>\n<p>.<\/p>\n<p>.<\/p>\n<p>&nbsp;<\/p>\n","protected":false},"featured_media":9724,"template":"","meta":{"_exactmetrics_skip_tracking":false,"_exactmetrics_sitenote_active":false,"_exactmetrics_sitenote_note":"","_exactmetrics_sitenote_category":0},"product_cat":[86,59],"product_tag":[],"aioseo_notices":[],"_links":{"self":[{"href":"https:\/\/www.revuenoire.com\/en\/wp-json\/wp\/v2\/product\/8151"}],"collection":[{"href":"https:\/\/www.revuenoire.com\/en\/wp-json\/wp\/v2\/product"}],"about":[{"href":"https:\/\/www.revuenoire.com\/en\/wp-json\/wp\/v2\/types\/product"}],"wp:featuredmedia":[{"embeddable":true,"href":"https:\/\/www.revuenoire.com\/en\/wp-json\/wp\/v2\/media\/9724"}],"wp:attachment":[{"href":"https:\/\/www.revuenoire.com\/en\/wp-json\/wp\/v2\/media?parent=8151"}],"wp:term":[{"taxonomy":"product_cat","embeddable":true,"href":"https:\/\/www.revuenoire.com\/en\/wp-json\/wp\/v2\/product_cat?post=8151"},{"taxonomy":"product_tag","embeddable":true,"href":"https:\/\/www.revuenoire.com\/en\/wp-json\/wp\/v2\/product_tag?post=8151"}],"curies":[{"name":"wp","href":"https:\/\/api.w.org\/{rel}","templated":true}]}}