{"id":6371,"date":"2016-02-19T11:16:22","date_gmt":"2016-02-19T10:25:27","guid":{"rendered":"http:\/\/www.revuenoire.com\/en\/?post_type=product&#038;p=6371"},"modified":"2024-09-22T05:01:12","modified_gmt":"2024-09-22T04:01:12","slug":"revue-noire-33-34","status":"publish","type":"product","link":"https:\/\/www.revuenoire.com\/en\/product\/revue-noire-33-34\/","title":{"rendered":"Revue Noire 33-34 Morocco"},"content":{"rendered":"","protected":false},"excerpt":{"rendered":"<p>.<\/p>\n<h1>Morocco<\/h1>\n<p>.<\/p>\n<h3>double issue of 196 pages<\/h3>\n<p>.<\/p>\n<p>.<\/p>\n<p>Artists focus : Farid Belkahia, Mohammed Kacimi, Mohamed Abouelouakar, Mahi Binebine, Ahmed El Mourabet, Meryem El Alj, Abderrahim Yamou, Najia Mehadji, Icham Benohoud, Mohammed El Baz, Mounir Fatmi, Faouzi La\u00e2tiris,Youn\u00e8s Rahmoun, Batoul S\u2019himi\u2026<\/p>\n<p>&nbsp;<\/p>\n<p>Visual Art panorama :\u00a0La Source du Lion, Z\u00e9fir, Ras el Hanut, Al-Jazouli, \u00c9cole de T\u00e9touan\u2026<\/p>\n<p>&nbsp;<\/p>\n<p>Photo :\u00a0Souad Guennoun, Khalil Nemmaoui, Malik Nejmi, Lamia Naji, Nabil Mahdaoui, Yto Barrada\u2026<\/p>\n<p>&nbsp;<\/p>\n<p>Literature :\u00a0 Baqa, Rajae Benchemsi, Brahim Hana\u00ef, Zrika, Abdelfattah Kilito, Mohamed Ennaji,\u00a0\u2026<\/p>\n<p>&nbsp;<\/p>\n<p>Theatre. Cinema. Music. Architecture and ornamentation\u2026<\/p>\n<p>.<\/p>\n<p>.<\/p>\n<p>.<\/p>\n<h1>Moroccan DESIGN<\/h1>\n<p>.<\/p>\n<h3>Editor Mahassine Nader<\/h3>\n<p>.<\/p>\n<p>.<\/p>\n<p>Design\u00a0:\u00a0Itaf Benjelloun, Jonathan Amar, Souad Guennoun, Jamil Bennani, Hicham Lahlou, Khadija Kabbaj, Soumyia Jalal Mikou, Amina Agueznay, Si\u2019mo El Fenne, Amal Guessous, R\u00e9da Bou\u00e2mrani<\/p>\n<p>Fashion\u00a0:\u00a0Tazy, Zhor Ra\u00efs, Fadilah Berrada, Zineb Joundy, Karim Tassi<\/p>\n<p>.<\/p>\n<p>.<\/p>\n<h2>News<\/h2>\n<p>New generation\u00a0:\u00a0 Dolo, N\u2019dary Lo, Tchif, G\u00e9rard Quenum\u2026<\/p>\n<p>.<\/p>\n<p>.<\/p>\n<p>.<\/p>\n<p>.Editors Nicole de Pontcharra and Pascal Martin Saint Leon<\/p>\n<p>Published in September 1999<\/p>\n<p>In French and English<\/p>\n<p>Double issue 196\u00a0pages 23&#215;33 cm (96 pages extra)<\/p>\n<p>.<\/p>\n<p>.<\/p>\n<p>.<\/p>\n<p>&#8216;Paper or PDF Magazine&#8217; available<\/p>\n<p>.<\/p>\n<p>.<\/p>\n<p>.<\/p>\n","protected":false},"featured_media":5788,"template":"","meta":{"_exactmetrics_skip_tracking":false,"_exactmetrics_sitenote_active":false,"_exactmetrics_sitenote_note":"","_exactmetrics_sitenote_category":0},"product_cat":[62,90,59],"product_tag":[],"aioseo_notices":[],"_links":{"self":[{"href":"https:\/\/www.revuenoire.com\/en\/wp-json\/wp\/v2\/product\/6371"}],"collection":[{"href":"https:\/\/www.revuenoire.com\/en\/wp-json\/wp\/v2\/product"}],"about":[{"href":"https:\/\/www.revuenoire.com\/en\/wp-json\/wp\/v2\/types\/product"}],"wp:featuredmedia":[{"embeddable":true,"href":"https:\/\/www.revuenoire.com\/en\/wp-json\/wp\/v2\/media\/5788"}],"wp:attachment":[{"href":"https:\/\/www.revuenoire.com\/en\/wp-json\/wp\/v2\/media?parent=6371"}],"wp:term":[{"taxonomy":"product_cat","embeddable":true,"href":"https:\/\/www.revuenoire.com\/en\/wp-json\/wp\/v2\/product_cat?post=6371"},{"taxonomy":"product_tag","embeddable":true,"href":"https:\/\/www.revuenoire.com\/en\/wp-json\/wp\/v2\/product_tag?post=6371"}],"curies":[{"name":"wp","href":"https:\/\/api.w.org\/{rel}","templated":true}]}}