{"id":6359,"date":"2016-02-18T20:27:59","date_gmt":"2016-02-18T19:30:38","guid":{"rendered":"http:\/\/www.revuenoire.com\/en\/?post_type=product&#038;p=6359"},"modified":"2022-12-08T12:30:28","modified_gmt":"2022-12-08T11:30:28","slug":"revue-noire-31","status":"publish","type":"product","link":"https:\/\/www.revuenoire.com\/en\/product\/revue-noire-31\/","title":{"rendered":"Revue Noire 31 Africa Urbis"},"content":{"rendered":"","protected":false},"excerpt":{"rendered":"<p>.<\/p>\n<h1>Africa\u00a0Urbis<\/h1>\n<p>.<\/p>\n<p>.<\/p>\n<h2>African\u00a0Cities &#8211; urban art expressions<\/h2>\n<p>.<\/p>\n<p>.<\/p>\n<p>.<\/p>\n<p>Art :\u00a0Pascale Marthine Tayou, Keith Piper, Salim Currimjee, Krikko, Moshekwa Langa, Jo\u00ebl Andrianomearisoa<\/p>\n<p>Photo : Akinbiyi Akinboye, Issa Diabat\u00e9, J\u00e9r\u00f4me de Souza, Currimjee, de Medeiros, de Medeiros\u2026<\/p>\n<p>Literature :\u00a0Kangni Alemdjrodo, Issa Diabat\u00e9, Isabelle Boni Claverie, Florent Couao Zotti\u2026<\/p>\n<p>Cinema :\u00a0Bakupa Kanyinda, Jean Marie Teno, Mama Keita<\/p>\n<p>Music : Mamadou et Mariam\u2026<br \/>\nArchitecture, Heritage\u00a0:\u00a0Zanzibar, Nairobi, Montevideo, Bamako, Abidjan, \u00a0Issa Diabat\u00e9, Krikko, Kwatt, Doual&#8217; Art, Ola D\u00e9l\u00e9 Kuku, Antananarivo,\u00a0Abomey\u2026<\/p>\n<p>Talks\u00a0Memories\u00a0: Juliette Bonaff\u00e9, Olivier de Lignerolles, Xavier Cr\u00e9pin, Marion Urban, Armalle Chatelier\u2026<\/p>\n<p>.<\/p>\n<p>.<\/p>\n<p>.<\/p>\n<p>Editor\u00a0Am\u00e9d\u00e9 Mulin<\/p>\n<p>Published in December 1998<\/p>\n<p>In French and English<\/p>\n<p>100\u00a0pages 33&#215;23 cm<\/p>\n<p>.<\/p>\n<p>.<\/p>\n<p>.<\/p>\n<p>&#8216;Paper or PDF Book&#8217; available<\/p>\n<p>.<\/p>\n<p>.<\/p>\n<p>.<\/p>\n","protected":false},"featured_media":5632,"template":"","meta":{"_exactmetrics_skip_tracking":false,"_exactmetrics_sitenote_active":false,"_exactmetrics_sitenote_note":"","_exactmetrics_sitenote_category":0},"product_cat":[62,87,59],"product_tag":[],"aioseo_notices":[],"_links":{"self":[{"href":"https:\/\/www.revuenoire.com\/en\/wp-json\/wp\/v2\/product\/6359"}],"collection":[{"href":"https:\/\/www.revuenoire.com\/en\/wp-json\/wp\/v2\/product"}],"about":[{"href":"https:\/\/www.revuenoire.com\/en\/wp-json\/wp\/v2\/types\/product"}],"wp:featuredmedia":[{"embeddable":true,"href":"https:\/\/www.revuenoire.com\/en\/wp-json\/wp\/v2\/media\/5632"}],"wp:attachment":[{"href":"https:\/\/www.revuenoire.com\/en\/wp-json\/wp\/v2\/media?parent=6359"}],"wp:term":[{"taxonomy":"product_cat","embeddable":true,"href":"https:\/\/www.revuenoire.com\/en\/wp-json\/wp\/v2\/product_cat?post=6359"},{"taxonomy":"product_tag","embeddable":true,"href":"https:\/\/www.revuenoire.com\/en\/wp-json\/wp\/v2\/product_tag?post=6359"}],"curies":[{"name":"wp","href":"https:\/\/api.w.org\/{rel}","templated":true}]}}