{"id":6345,"date":"2016-02-18T18:58:12","date_gmt":"2016-02-18T17:59:26","guid":{"rendered":"http:\/\/www.revuenoire.com\/en\/?post_type=product&#038;p=6345"},"modified":"2024-09-22T05:01:11","modified_gmt":"2024-09-22T04:01:11","slug":"revue-noire-29","status":"publish","type":"product","link":"https:\/\/www.revuenoire.com\/en\/product\/revue-noire-29\/","title":{"rendered":"Revue Noire 29   Angola &nbsp; &nbsp; &nbsp; &nbsp; African Dance"},"content":{"rendered":"","protected":false},"excerpt":{"rendered":"<p>.<\/p>\n<h1>Angola<\/h1>\n<p>.<\/p>\n<p>.<\/p>\n<p>Focus artists :\u00a0Ant\u00f3nio Ole, Paulo Capela, Vitex, Lukulu Zola Ndonga, Fernando Alvim\u2026<br \/>\nPhoto :\u00a0agency A Foto, Joaquim Pinto Afonso, Jos\u00e9 Antonio Pinton Afonso, Rui Pinto Afonso, Jos\u00e9 Carvalho, Rui Tavares\u2026<br \/>\nLiterature :\u00a0Arlindo Barbeitos, Jos\u00e9 Eduardo Agualusa, Jos\u00e9 Lu\u00eds Mendon\u00e7a, Jos\u00e9 Luandino Vieirangi, Manuel Rui Monteiro\u2026<\/p>\n<p>Theater.<\/p>\n<p>Design.<\/p>\n<p>.<\/p>\n<p>.<\/p>\n<h1>SpEcial DANCE ENCOUNTERS of Luanda<\/h1>\n<p>.<\/p>\n<p>.<\/p>\n<p>Dance :\u00a0Angora (Madagascar), Companhia Nacional de Canto e Dan\u00e7a (Mozambique), Daffrah Kanh (Burkina Faso), G\u00e0ara (Kenya), JazzArt Dance Theatre (South Africa), Jeune Ballet d\u2019Afrique Noire (Ivory Coast), National Dance Company (Ghana), N\u2019Soleh (Ivory Coast), Cultural Dancers (Nigeria), Salia n\u00ef Seydou (Burkina Faso), de Dan\u00e7a Contempor\u00e2nea, CDC (Angola)<\/p>\n<p>.<\/p>\n<p>.<\/p>\n<p>.<\/p>\n<p>Editor N&#8217;Gon\u00e9 Fall<\/p>\n<p>Published in June 1998<\/p>\n<p>In French, English and Portuguese<\/p>\n<p>96 pages 33&#215;23 cm<\/p>\n<p>.<\/p>\n<p>.<\/p>\n<p>.<\/p>\n<p>&#8216;Paper or PDF Magazine&#8217; available<\/p>\n<p>.<\/p>\n<p>.<\/p>\n<p>.<\/p>\n","protected":false},"featured_media":5510,"template":"","meta":{"_exactmetrics_skip_tracking":false,"_exactmetrics_sitenote_active":false,"_exactmetrics_sitenote_note":"","_exactmetrics_sitenote_category":0},"product_cat":[62,89,59],"product_tag":[],"aioseo_notices":[],"_links":{"self":[{"href":"https:\/\/www.revuenoire.com\/en\/wp-json\/wp\/v2\/product\/6345"}],"collection":[{"href":"https:\/\/www.revuenoire.com\/en\/wp-json\/wp\/v2\/product"}],"about":[{"href":"https:\/\/www.revuenoire.com\/en\/wp-json\/wp\/v2\/types\/product"}],"wp:featuredmedia":[{"embeddable":true,"href":"https:\/\/www.revuenoire.com\/en\/wp-json\/wp\/v2\/media\/5510"}],"wp:attachment":[{"href":"https:\/\/www.revuenoire.com\/en\/wp-json\/wp\/v2\/media?parent=6345"}],"wp:term":[{"taxonomy":"product_cat","embeddable":true,"href":"https:\/\/www.revuenoire.com\/en\/wp-json\/wp\/v2\/product_cat?post=6345"},{"taxonomy":"product_tag","embeddable":true,"href":"https:\/\/www.revuenoire.com\/en\/wp-json\/wp\/v2\/product_tag?post=6345"}],"curies":[{"name":"wp","href":"https:\/\/api.w.org\/{rel}","templated":true}]}}