{"id":6331,"date":"2016-02-18T16:43:10","date_gmt":"2016-02-18T15:56:51","guid":{"rendered":"http:\/\/www.revuenoire.com\/en\/?post_type=product&#038;p=6331"},"modified":"2024-09-22T05:01:12","modified_gmt":"2024-09-22T04:01:12","slug":"revue-noire-27","status":"publish","type":"product","link":"https:\/\/www.revuenoire.com\/en\/product\/revue-noire-27\/","title":{"rendered":"Revue Noire 27 African Fashion"},"content":{"rendered":"","protected":false},"excerpt":{"rendered":"<p>.<\/p>\n<h1>African Fashion<\/h1>\n<p>.<\/p>\n<h3>Special issue of 148 pages<\/h3>\n<p>.<\/p>\n<p>.<\/p>\n<p>Designers focus :\u00a0Chris Seydou, \u00c9ric Charles-Donatien, Alphadi, Katoucha, Errol Arendz, Geneth Kebede, Imane Ayissi, Oswald Botaeng, Willy G., Dolly, Mike Sylla, Xuly B\u00ebt, Joe Casely-Hayford, Jo\u00ebl Andrianomearisoa, Adzedu of Shapes, Michael Kra, Sylvia Andriamaivo A-NI-RA, Kwesi N\u2019Ti, Nahode Oka\u00ef, Ansah,\u00a0Mawuli Okudzeto, Jimmy Delaga, Fred Eboka, Path\u00e9\u2019O,\u00a0Dasha, Ricci Ossei, A\u00efssa Dione\u2026<\/p>\n<p>&nbsp;<\/p>\n<p>Special\u00a0photographers :\u00a0Nabil Zorkot, Hermann, Vincent Thibert, Mamadou Tour\u00e9 B\u00e9han, Daddy, Yves Pitchen, Patrice F\u00e9lix Tchicaya,\u00a0 Mirto Linguet, Andy Okoroafor, CLAM, Eric Don Arthur, Dorris Haron Kasco<\/p>\n<p>&nbsp;<\/p>\n<p>Essaies :\u00a0Materials, Styles, Industry and Finance,\u00a0Hairstyles,\u00a0From Lingu\u00e8re to Naomi via Mireille,\u00a0Seeing, Hearing, Smelling, Touching and\u2026 the imagination of taste,\u00a0Jewellery and\u00a0Properties,\u00a0Materials and Woven Fabrics,\u00a0Dieyings,\u00a0Indigo,\u00a0Facts and Figures on African Textiles,\u00a0Industrial Fabrics\u2026<\/p>\n<p>.<\/p>\n<p>.<\/p>\n<p>.<\/p>\n<p>Editors Jean Loup Pivin and N&#8217;Gon\u00e9 Fall<\/p>\n<p>Published in\u00a0December 1997<\/p>\n<p>In French and English<\/p>\n<p>Special 148 pages 33&#215;23 cm (extra 48 pages)<\/p>\n<p>.<\/p>\n<p>.<\/p>\n<p>.<\/p>\n<p>&#8216;Paper or PDF Magazine&#8217; available<\/p>\n<p>.<\/p>\n<p>.<\/p>\n<p>.<\/p>\n","protected":false},"featured_media":5296,"template":"","meta":{"_exactmetrics_skip_tracking":false,"_exactmetrics_sitenote_active":false,"_exactmetrics_sitenote_note":"","_exactmetrics_sitenote_category":0},"product_cat":[62,90,59],"product_tag":[],"aioseo_notices":[],"_links":{"self":[{"href":"https:\/\/www.revuenoire.com\/en\/wp-json\/wp\/v2\/product\/6331"}],"collection":[{"href":"https:\/\/www.revuenoire.com\/en\/wp-json\/wp\/v2\/product"}],"about":[{"href":"https:\/\/www.revuenoire.com\/en\/wp-json\/wp\/v2\/types\/product"}],"wp:featuredmedia":[{"embeddable":true,"href":"https:\/\/www.revuenoire.com\/en\/wp-json\/wp\/v2\/media\/5296"}],"wp:attachment":[{"href":"https:\/\/www.revuenoire.com\/en\/wp-json\/wp\/v2\/media?parent=6331"}],"wp:term":[{"taxonomy":"product_cat","embeddable":true,"href":"https:\/\/www.revuenoire.com\/en\/wp-json\/wp\/v2\/product_cat?post=6331"},{"taxonomy":"product_tag","embeddable":true,"href":"https:\/\/www.revuenoire.com\/en\/wp-json\/wp\/v2\/product_tag?post=6331"}],"curies":[{"name":"wp","href":"https:\/\/api.w.org\/{rel}","templated":true}]}}