{"id":6323,"date":"2016-02-18T13:47:14","date_gmt":"2016-02-18T12:50:33","guid":{"rendered":"http:\/\/www.revuenoire.com\/en\/?post_type=product&#038;p=6323"},"modified":"2025-06-24T14:48:21","modified_gmt":"2025-06-24T13:48:21","slug":"revue-noire-26","status":"publish","type":"product","link":"https:\/\/www.revuenoire.com\/en\/product\/revue-noire-26\/","title":{"rendered":"Revue Noire 26 [+CD] Madagascar"},"content":{"rendered":"","protected":false},"excerpt":{"rendered":"<p>.<\/p>\n<h1>Madagascar<\/h1>\n<p>.<\/p>\n<p>.<\/p>\n<p>Art focus :\u00a0Jo\u00ebl Andrianomearisoa, Edouard Rajoana, Efiambelo, Raveloson Fidj &#8216;Max&#8217;, D\u00e9sir\u00e9 Rasolofoson, Danielson Randrianomenjanahary\u2026<\/p>\n<p>Visual art panorama.<\/p>\n<p>Photo :\u00a0Razaka, Rill, Razolo, Randria, Gervais Randrianasolo, Ramilijaona, Anta, Pierrot Men, Dany Be, Ramily\u2026<\/p>\n<p>Literature :\u00a0Mich\u00e8le Rakotoson, Esther Nirina, Baovola Fidison, Jean Luc Raharimanana\u2026<\/p>\n<p>Music. Dance. Theatre. Talks.<\/p>\n<p>.<\/p>\n<p>.<\/p>\n<h1>Music CD &#8216;RN in TANA&#8217;<\/h1>\n<p>.<\/p>\n<p>original records for Revue Noire\u00a0by\u00a0Kangasy, Ricky, Tata Rahely, Samoela Rasolofomiaina, Nannie Razafimbelo, Tiana, Sammy, Johnny, The Specialists\u2026<\/p>\n<p>included only in &#8216;Paper Magazine&#8217;.<\/p>\n<p>.<\/p>\n<p>.<\/p>\n<p>Editor Jean Loup Pivin<\/p>\n<p>Published in\u00a0September 1997<\/p>\n<p>In French and English<\/p>\n<p>100\u00a0pages 33&#215;23 cm (CD extra)<\/p>\n<p>.<\/p>\n<p>.<\/p>\n<p>.<\/p>\n<p>&#8216;Paper Magazine&#8217; out of print<\/p>\n<p>&#8216;PDF Magazine&#8217; available<\/p>\n<p>.<\/p>\n<p>.<\/p>\n<p>.<\/p>\n","protected":false},"featured_media":5238,"template":"","meta":{"_exactmetrics_skip_tracking":false,"_exactmetrics_sitenote_active":false,"_exactmetrics_sitenote_note":"","_exactmetrics_sitenote_category":0},"product_cat":[62,27,59],"product_tag":[],"aioseo_notices":[],"_links":{"self":[{"href":"https:\/\/www.revuenoire.com\/en\/wp-json\/wp\/v2\/product\/6323"}],"collection":[{"href":"https:\/\/www.revuenoire.com\/en\/wp-json\/wp\/v2\/product"}],"about":[{"href":"https:\/\/www.revuenoire.com\/en\/wp-json\/wp\/v2\/types\/product"}],"wp:featuredmedia":[{"embeddable":true,"href":"https:\/\/www.revuenoire.com\/en\/wp-json\/wp\/v2\/media\/5238"}],"wp:attachment":[{"href":"https:\/\/www.revuenoire.com\/en\/wp-json\/wp\/v2\/media?parent=6323"}],"wp:term":[{"taxonomy":"product_cat","embeddable":true,"href":"https:\/\/www.revuenoire.com\/en\/wp-json\/wp\/v2\/product_cat?post=6323"},{"taxonomy":"product_tag","embeddable":true,"href":"https:\/\/www.revuenoire.com\/en\/wp-json\/wp\/v2\/product_tag?post=6323"}],"curies":[{"name":"wp","href":"https:\/\/api.w.org\/{rel}","templated":true}]}}