{"id":6258,"date":"2016-02-15T17:12:59","date_gmt":"2016-02-15T16:18:46","guid":{"rendered":"http:\/\/www.revuenoire.com\/en\/?post_type=product&#038;p=6258"},"modified":"2023-04-03T17:05:07","modified_gmt":"2023-04-03T16:05:07","slug":"revue-noire-17","status":"publish","type":"product","link":"https:\/\/www.revuenoire.com\/en\/product\/revue-noire-17\/","title":{"rendered":"Revue Noire 17 [+ CD] &nbsp; Mali &nbsp;  Niger &nbsp; Burkina Faso"},"content":{"rendered":"","protected":false},"excerpt":{"rendered":"<p>.<\/p>\n<h1>MALI \u2013 NIGER \u2013 BURKINA FASO<\/h1>\n<p>.<\/p>\n<p>Artists Focus :\u00a0Abdoulaye Konat\u00e9, Modibo Franky Diallo\u2026<\/p>\n<p>Visual Art Panorama\u00a0.<\/p>\n<p>Photo :\u00a0Sakaly, Seydou Keita, Malick Sidib\u00e9\u2026<\/p>\n<p>Literature, theatre.<\/p>\n<p>Dance.<\/p>\n<p>Cinema.<\/p>\n<p>.<\/p>\n<p>.<\/p>\n<h1>Music\u00a0CD \u2018KAR KAR\u2019 (Boubacar Traor\u00e9)<\/h1>\n<p>.<\/p>\n<p>Original\u00a0records for Revue Noire by\u00a0Boubacar Traor\u00e9 (Mali Twist, Les enfants de Pierrette\u2026)<\/p>\n<p>musical accompaniments :\u00a0Boubacar Traor\u00e9, Ali Farka Tour\u00e9, Alpha Ousmane Sankar\u00e9, Lobi Traor\u00e9, Toumani Diabat\u00e9, Habib Koit\u00e9, K\u00e9l\u00e9tigui Diabat\u00e9\u2026<\/p>\n<p>included only in &#8216;Paper Magazine&#8217;<\/p>\n<p>.<\/p>\n<p>.<\/p>\n<p>Editors Jean Loup Pivin and Bruno Airaud<\/p>\n<p>Published in June\u00a01995<\/p>\n<p>In French and English<\/p>\n<p>96 pages 33\u00d723 cm (new size, 40 pages extra, CD extra)<\/p>\n<p>.<\/p>\n<p>.<\/p>\n<p>\u2018PAPER MAGAZINE\u2019\u00a0out of print<br \/>\n\u2018PDF MAGAZINE\u2019 available\u00a0(without CD)<\/p>\n<p>.<\/p>\n<p>.<\/p>\n<p>.<\/p>\n","protected":false},"featured_media":3317,"template":"","meta":{"_exactmetrics_skip_tracking":false,"_exactmetrics_sitenote_active":false,"_exactmetrics_sitenote_note":"","_exactmetrics_sitenote_category":0},"product_cat":[62,27,59],"product_tag":[],"aioseo_notices":[],"_links":{"self":[{"href":"https:\/\/www.revuenoire.com\/en\/wp-json\/wp\/v2\/product\/6258"}],"collection":[{"href":"https:\/\/www.revuenoire.com\/en\/wp-json\/wp\/v2\/product"}],"about":[{"href":"https:\/\/www.revuenoire.com\/en\/wp-json\/wp\/v2\/types\/product"}],"wp:featuredmedia":[{"embeddable":true,"href":"https:\/\/www.revuenoire.com\/en\/wp-json\/wp\/v2\/media\/3317"}],"wp:attachment":[{"href":"https:\/\/www.revuenoire.com\/en\/wp-json\/wp\/v2\/media?parent=6258"}],"wp:term":[{"taxonomy":"product_cat","embeddable":true,"href":"https:\/\/www.revuenoire.com\/en\/wp-json\/wp\/v2\/product_cat?post=6258"},{"taxonomy":"product_tag","embeddable":true,"href":"https:\/\/www.revuenoire.com\/en\/wp-json\/wp\/v2\/product_tag?post=6258"}],"curies":[{"name":"wp","href":"https:\/\/api.w.org\/{rel}","templated":true}]}}