{"id":6234,"date":"2016-02-15T14:58:19","date_gmt":"2016-02-15T14:11:29","guid":{"rendered":"http:\/\/www.revuenoire.com\/en\/?post_type=product&#038;p=6234"},"modified":"2022-12-06T16:18:08","modified_gmt":"2022-12-06T15:18:08","slug":"revue-noire-13","status":"publish","type":"product","link":"https:\/\/www.revuenoire.com\/en\/product\/revue-noire-13\/","title":{"rendered":"Revue Noire 13    Cameroon"},"content":{"rendered":"","protected":false},"excerpt":{"rendered":"<p>.<\/p>\n<h1>CAMEROON<\/h1>\n<p>.<\/p>\n<p>.<\/p>\n<p>Focus portfolios Pascale Marthine Tayou, Bato, Joseph Francis Sum\u00e9gn\u00e9, Barth\u00e9l\u00e9my Toguo Tamakon\u00e9, Bili Bidjocka, Mbezele Solo Aloys\u2026<\/p>\n<p>Artists\u00a0panorama.<\/p>\n<p>Photo.<\/p>\n<p>Literature.<\/p>\n<p>Cinema.<\/p>\n<p>Music.<\/p>\n<p>.<\/p>\n<p>.<\/p>\n<h1>Special\u00a0AIDS \/ LITERATURE<\/h1>\n<p>.<\/p>\n<p>TRIBUTE TO\u00a0CHRIS SEYDOU<\/p>\n<p>(Malian fashion designer)<\/p>\n<p>.<\/p>\n<p>.<\/p>\n<p>Editor\u00a0Jean Loup Pivin<\/p>\n<p>Published in June 1994<\/p>\n<p>In\u00a0French and English<\/p>\n<p>68 pages 40x28cm (large size)<\/p>\n<p>.<\/p>\n<p>.<\/p>\n<p>\u2018Paper MAGAZINE\u2019\u00a0out of print<br \/>\n\u2018PDF MAGAZINE\u2019\u00a0Available<\/p>\n<p>.<\/p>\n<p>.<\/p>\n<p>.<\/p>\n","protected":false},"featured_media":2851,"template":"","meta":{"_exactmetrics_skip_tracking":false,"_exactmetrics_sitenote_active":false,"_exactmetrics_sitenote_note":"","_exactmetrics_sitenote_category":0},"product_cat":[62,59],"product_tag":[],"aioseo_notices":[],"_links":{"self":[{"href":"https:\/\/www.revuenoire.com\/en\/wp-json\/wp\/v2\/product\/6234"}],"collection":[{"href":"https:\/\/www.revuenoire.com\/en\/wp-json\/wp\/v2\/product"}],"about":[{"href":"https:\/\/www.revuenoire.com\/en\/wp-json\/wp\/v2\/types\/product"}],"wp:featuredmedia":[{"embeddable":true,"href":"https:\/\/www.revuenoire.com\/en\/wp-json\/wp\/v2\/media\/2851"}],"wp:attachment":[{"href":"https:\/\/www.revuenoire.com\/en\/wp-json\/wp\/v2\/media?parent=6234"}],"wp:term":[{"taxonomy":"product_cat","embeddable":true,"href":"https:\/\/www.revuenoire.com\/en\/wp-json\/wp\/v2\/product_cat?post=6234"},{"taxonomy":"product_tag","embeddable":true,"href":"https:\/\/www.revuenoire.com\/en\/wp-json\/wp\/v2\/product_tag?post=6234"}],"curies":[{"name":"wp","href":"https:\/\/api.w.org\/{rel}","templated":true}]}}