{"id":6209,"date":"2016-02-12T18:09:11","date_gmt":"2016-02-12T17:09:11","guid":{"rendered":"http:\/\/www.revuenoire.com\/en\/product\/revue-noire-09\/"},"modified":"2023-04-03T16:57:04","modified_gmt":"2023-04-03T15:57:04","slug":"revue-noire-09","status":"publish","type":"product","link":"https:\/\/www.revuenoire.com\/en\/product\/revue-noire-09\/","title":{"rendered":"Revue Noire 09   Caribbean vol II"},"content":{"rendered":"","protected":false},"excerpt":{"rendered":"<h3>.<\/h3>\n<h1>Caribbean vol. 02<\/h1>\n<p>.<\/p>\n<p>.<\/p>\n<h1>Haiti,\u00a0Santo Dominguo,\u00a0Puerto\u00a0Rico,\u00a0Trinidad &amp; Tobago,\u00a0Guyane<\/h1>\n<p>.<\/p>\n<p>.<\/p>\n<p>Visual art focus and\u00a0panorama :\u00a0<span class=\"s1\">Mario Benjamin, Patrick Vilaire, Steveson Magloire, Roland Bastien, Edouard Duval Carri\u00e9, Frantz Lamothe, Herv\u00e9 T\u00e9l\u00e9maque,\u00a0<\/span><span class=\"s1\">Marcos Lora Read, Tony Capellan,\u00a0<\/span><span class=\"s1\">Kenwyn Crichlow\u2026<\/span><\/p>\n<p><span class=\"s1\">Special correspondent photo : David Damoison<\/span><\/p>\n<p><span class=\"s1\">Photo :\u00a0Papillon,\u00a0Ajamu, Franklyn Rodgers, Autograph, Mark Sealy, Derek Bishton\u2026<\/span><\/p>\n<p class=\"p1\"><span class=\"s1\">Literature :\u00a0Jean-Claude Charles, Robert Berrou\u00ebt Oriol, George Lamming, Dione Brand, Merle Hodge, Lawrence Scott, Dominique Martin, Frank\u00e9tienne, Jean M\u00e9tellus, John Robert Lee\u2026<\/span><\/p>\n<p>.<\/p>\n<p>.<\/p>\n<p>Editors\u00a0Simon Njami and\u00a0Jean-Claude Charles<\/p>\n<p>Special correspondant photographer David Damoison<\/p>\n<p>Published in June 1993<\/p>\n<p>In French and English<\/p>\n<p>68 pages 40x28cm (large size)<\/p>\n<p>.<\/p>\n<p>.<\/p>\n<p>.<\/p>\n<p>&#8216;PAPER MAGAZINE&#8217;\u00a0out of print<\/p>\n<p>&#8216;PDF MAGAZINE&#8217;\u00a0available<\/p>\n<p>.<\/p>\n<p>.<\/p>\n<p>.<\/p>\n","protected":false},"featured_media":4286,"template":"","meta":{"_exactmetrics_skip_tracking":false,"_exactmetrics_sitenote_active":false,"_exactmetrics_sitenote_note":"","_exactmetrics_sitenote_category":0},"product_cat":[62,59],"product_tag":[],"aioseo_notices":[],"_links":{"self":[{"href":"https:\/\/www.revuenoire.com\/en\/wp-json\/wp\/v2\/product\/6209"}],"collection":[{"href":"https:\/\/www.revuenoire.com\/en\/wp-json\/wp\/v2\/product"}],"about":[{"href":"https:\/\/www.revuenoire.com\/en\/wp-json\/wp\/v2\/types\/product"}],"wp:featuredmedia":[{"embeddable":true,"href":"https:\/\/www.revuenoire.com\/en\/wp-json\/wp\/v2\/media\/4286"}],"wp:attachment":[{"href":"https:\/\/www.revuenoire.com\/en\/wp-json\/wp\/v2\/media?parent=6209"}],"wp:term":[{"taxonomy":"product_cat","embeddable":true,"href":"https:\/\/www.revuenoire.com\/en\/wp-json\/wp\/v2\/product_cat?post=6209"},{"taxonomy":"product_tag","embeddable":true,"href":"https:\/\/www.revuenoire.com\/en\/wp-json\/wp\/v2\/product_tag?post=6209"}],"curies":[{"name":"wp","href":"https:\/\/api.w.org\/{rel}","templated":true}]}}