{"id":2483,"date":"2015-12-02T20:16:38","date_gmt":"2015-12-02T19:16:38","guid":{"rendered":"http:\/\/www.revuenoire.com\/product\/revue-noire-08-2\/"},"modified":"2023-04-03T17:41:07","modified_gmt":"2023-04-03T16:41:07","slug":"revue-noire-08","status":"publish","type":"product","link":"https:\/\/www.revuenoire.com\/en\/product\/revue-noire-08\/","title":{"rendered":"Revue Noire 08    &nbsp;  &nbsp;  &nbsp;  &nbsp; &nbsp;  &nbsp; &nbsp;  &nbsp;   Cinema   &nbsp;  &nbsp;  &nbsp;    + Guinea Bissao"},"content":{"rendered":"","protected":false},"excerpt":{"rendered":"<h3>.<\/h3>\n<h1>Special African\u00a0Cinema<\/h1>\n<p>.<\/p>\n<p>Fespaco 1992.<\/p>\n<p>The African\u00a0filmmakers of today and their last\u00a0synopsis.<\/p>\n<p>.<\/p>\n<p>.<\/p>\n<h1>Guinea Bissao<\/h1>\n<p>.<\/p>\n<p>Artists panorama.<\/p>\n<p>Carnaval in Bissao<\/p>\n<p>.<\/p>\n<h3>ART FOCUS:<\/h3>\n<p>Fr\u00e9d\u00e9ric bruly Bouabr\u00e9, Aboudramane, John Kiyaya<\/p>\n<p>.<\/p>\n<h3>EXTRA LITERATURE.<\/h3>\n<p>.<\/p>\n<p>.<\/p>\n<p>.<\/p>\n<p>Editors\u00a0Jean Loup Pivin, Pascal Martin Saint Leon and\u00a0Simon Njami<\/p>\n<p>Published in\u00a0December 1992<\/p>\n<p>In French, English and Portuguese<\/p>\n<p>68 pages 40x28cm (large size)<\/p>\n<p>.<\/p>\n<h3>.<\/h3>\n<p>.<\/p>\n<p>&#8216;PAPER\u00a0MAGAZINE&#8217; out of print<\/p>\n<p>&#8216;PDF MAGAZINE&#8217;\u00a0available<\/p>\n<p>.<\/p>\n<p>.<\/p>\n<p>.<\/p>\n","protected":false},"featured_media":2368,"template":"","meta":{"_exactmetrics_skip_tracking":false,"_exactmetrics_sitenote_active":false,"_exactmetrics_sitenote_note":"","_exactmetrics_sitenote_category":0},"product_cat":[62,88,59],"product_tag":[],"aioseo_notices":[],"_links":{"self":[{"href":"https:\/\/www.revuenoire.com\/en\/wp-json\/wp\/v2\/product\/2483"}],"collection":[{"href":"https:\/\/www.revuenoire.com\/en\/wp-json\/wp\/v2\/product"}],"about":[{"href":"https:\/\/www.revuenoire.com\/en\/wp-json\/wp\/v2\/types\/product"}],"wp:featuredmedia":[{"embeddable":true,"href":"https:\/\/www.revuenoire.com\/en\/wp-json\/wp\/v2\/media\/2368"}],"wp:attachment":[{"href":"https:\/\/www.revuenoire.com\/en\/wp-json\/wp\/v2\/media?parent=2483"}],"wp:term":[{"taxonomy":"product_cat","embeddable":true,"href":"https:\/\/www.revuenoire.com\/en\/wp-json\/wp\/v2\/product_cat?post=2483"},{"taxonomy":"product_tag","embeddable":true,"href":"https:\/\/www.revuenoire.com\/en\/wp-json\/wp\/v2\/product_tag?post=2483"}],"curies":[{"name":"wp","href":"https:\/\/api.w.org\/{rel}","templated":true}]}}