{"id":2356,"date":"2015-12-02T15:15:52","date_gmt":"2015-12-02T14:15:52","guid":{"rendered":"http:\/\/www.revuenoire.com\/product\/revue-noire-06-2\/"},"modified":"2022-12-06T15:22:24","modified_gmt":"2022-12-06T14:22:24","slug":"revue-noire-06","status":"publish","type":"product","link":"https:\/\/www.revuenoire.com\/en\/product\/revue-noire-06\/","title":{"rendered":"Revue Noire 06     Caribbean vol I"},"content":{"rendered":"","protected":false},"excerpt":{"rendered":"<p>.<\/p>\n<h1>CARIBBEAN\u00a0vol. 01<\/h1>\n<p>.<\/p>\n<h1>Cuba, Jamaica, Sainto-Dominguo,<\/h1>\n<h1>Martinique, Guadeloupe, Guyana,<\/h1>\n<h1>Antigua,\u00a0Grenada,\u00a0Barbados<\/h1>\n<p>.<\/p>\n<p>.<\/p>\n<h3>Art focus and\u00a0panorama:<\/h3>\n<p><span class=\"s1\">Jean-Michel Basquiat,\u00a0<\/span><span class=\"s1\">Clara Morera, Santiago Rodriguez Olazabal, Zaida del Rio, \u00a0Tomas Esson Reid, Raul Speek, Jesus de Armas,\u00a0Keith Piper,\u00a0Eddie Chambers,\u00a0Stanford Watson, George Milton, Dawn Scott, Robert &#8216;African&#8217; Cookhorne,\u00a0Herv\u00e9 T\u00e9l\u00e9maque, Ernest Breleur, Marc Latamie, H\u00e9l\u00e9non, Laouchez,\u00a0Thierry Alet, Antoine Nabajoth, Bruno P\u00e9durand, Henri Tauliaut, Sonya Boyce\u2026<\/span><\/p>\n<p>.<\/p>\n<h3>Envoy\u00e9 Special photo:<\/h3>\n<p>David Damoison.<\/p>\n<p>.<\/p>\n<h3>Photo:<\/h3>\n<p>Albert Chong, Marta Maria Perez Bravo, Luis Mallo, Victor Vasquez, Rene Pena Gonzalez, Idaljiza Liz, Juan Carlos Alom\u2026<\/p>\n<p>.<\/p>\n<h3>Literature:<\/h3>\n<p>Jean-Claude Fignol\u00e9, Jo\u00ebl Des Rosiers, Jean-Claude Charles, Reinaldo Arenas, Alberto Lauro, Edward Kamau Brathwaite, Orlando Patterson, Ren\u00e9 Philoct\u00e8te, Patrick Chamoiseau, Vincent Placoly, Ernest P\u00e9pin, Gerty Dambury, Jamaica Kincaid, Priska Degras, Erna Brodber\u2026<\/p>\n<p>.<\/p>\n<p>.<\/p>\n<p>.<\/p>\n<p>Editors\u00a0Simon Njami, Jean-Claude Charles<\/p>\n<p>Envoy\u00e9 special photo David Damoison<\/p>\n<p>Published in\u00a0September 1992<\/p>\n<p>In French, English and Spanish<\/p>\n<p>100\u00a0color pages 40x28cm (grand format, suppl\u00e9ment de 40 pages)<\/p>\n<p>.<\/p>\n<p>.<\/p>\n<p>&#8216;.<\/p>\n<p>PAPER MAGAZINE&#8217; out of print<\/p>\n<p>&#8216;PDF MAGAZINE&#8217; available<\/p>\n<p>.<\/p>\n<p>.<\/p>\n<p>.<\/p>\n","protected":false},"featured_media":2112,"template":"","meta":{"_exactmetrics_skip_tracking":false,"_exactmetrics_sitenote_active":false,"_exactmetrics_sitenote_note":"","_exactmetrics_sitenote_category":0},"product_cat":[62,59],"product_tag":[],"aioseo_notices":[],"_links":{"self":[{"href":"https:\/\/www.revuenoire.com\/en\/wp-json\/wp\/v2\/product\/2356"}],"collection":[{"href":"https:\/\/www.revuenoire.com\/en\/wp-json\/wp\/v2\/product"}],"about":[{"href":"https:\/\/www.revuenoire.com\/en\/wp-json\/wp\/v2\/types\/product"}],"wp:featuredmedia":[{"embeddable":true,"href":"https:\/\/www.revuenoire.com\/en\/wp-json\/wp\/v2\/media\/2112"}],"wp:attachment":[{"href":"https:\/\/www.revuenoire.com\/en\/wp-json\/wp\/v2\/media?parent=2356"}],"wp:term":[{"taxonomy":"product_cat","embeddable":true,"href":"https:\/\/www.revuenoire.com\/en\/wp-json\/wp\/v2\/product_cat?post=2356"},{"taxonomy":"product_tag","embeddable":true,"href":"https:\/\/www.revuenoire.com\/en\/wp-json\/wp\/v2\/product_tag?post=2356"}],"curies":[{"name":"wp","href":"https:\/\/api.w.org\/{rel}","templated":true}]}}