{"id":825,"date":"2015-11-06T13:27:06","date_gmt":"2015-11-06T12:27:06","guid":{"rendered":"http:\/\/www.revuenoire.com\/?page_id=825&#038;lang=en"},"modified":"2018-01-22T11:50:16","modified_gmt":"2018-01-22T10:50:16","slug":"conditions-de-vente","status":"publish","type":"page","link":"https:\/\/www.revuenoire.com\/en\/conditions-de-vente\/","title":{"rendered":"Sales conditions"},"content":{"rendered":"<hr width=\"100%\" \/>\n<h1>Terms and contions of Sale<\/h1>\n<p>for publications and rare \u00e9ditions-portfolios Revue Noire<\/p>\n<hr width=\"100%\" \/>\n<p>&nbsp;<\/p>\n<h3>Article 1 : PURPOSE<\/h3>\n<p>These conditions concern the conditions of sale between BICFL\/REVUE NOIRE and the BUYER :<\/p>\n<p>&#8211; on the website www.revuenoire.com for publications, limited editions (prints header, portfolios, works of artist &#8230;);<\/p>\n<p>&#8211; and the Maison\u00a0Revue Noire, 8 rue Cels, F-75014 Paris, original works of artists.<\/p>\n<p>BICFL \/ Revue Noire reserves the right to modify the conditions of sale without notice to prepare.<\/p>\n<p>&nbsp;<\/p>\n<h3>Article 2 : IDENTIFICATION OF THE AUTHOR OF THE OFFER<\/h3>\n<p>REVUE NOIRE is a trademark of\u00a0 BICFL s.a.s. All transactions are conducted on behalf of BICFL<\/p>\n<p>BICFL s.a.s. a French limited company with capital of 79 050\u00a0Euros,\u00a0www.bicfl.fr<\/p>\n<p>Headquarters : 8 rue Cels, 75014 Paris, France<\/p>\n<p>Director PDG\u00a0: Jean Loup Pivin<\/p>\n<p>Phone\u00a0: 33 (0)1 4320 2814<\/p>\n<p>E-mail : <a href=\"mailto:order@revuenoire.com\">order@revuenoire.com<\/a><\/p>\n<p>No intra-Community CE : FR 62 338 401 524<\/p>\n<p>Registred No : Paris B 338 401 524 &#8211; SIRET 338 401 524 000 16 CODE Naf 748K<\/p>\n<p>&nbsp;<\/p>\n<h3>Article 3 : KEY FEATURES OF GOODS AND SERVICES<\/h3>\n<p>Products and services concerned :<\/p>\n<p>&#8211; original art works (photographs, visual art &#8230;) offered for sale at the Maison\u00a0REVUE NOIRE, edited signed numbered edition of 1 to 5 copies maximum, conducted under the supervision of the author.<\/p>\n<p>&#8211; Limited editions offered for sale online at www.revuenoire.com, up to 15 copies of works (30 copies all formats) of head prints, portfolios, Photographies, Art Object, Art Video, conducted under supervision of the artist, numbered, signed or certified original by Revue Noire.<\/p>\n<p>(depending CGI : Decree 95-172 of 17.02.1995, art. 98A, Annex III)<\/p>\n<p>-Paper publishing without limited editon (magazines, books)<\/p>\n<p>The BUYER acknowledges that the images of the original works contained on the site revuenoire.com are only indicative. Slight variations may occur between the image displayed on the screen and the original work.<\/p>\n<p>&nbsp;<\/p>\n<h3>Article 4 : PRICE<\/h3>\n<p>The sale price for France of works are listed in Euros, net of all taxes (VAT), excluding shipping costs. The VAT in France is 10% (artwork, book publishing).<\/p>\n<p>The prices for foreign sales (all other country than France) are in export value, excluding tax, except custom taxs, excluding shipping costs.<\/p>\n<p>Delivery costs of works and publishings are shown online inclusive of all taxes (VAT), established by the destination of the delivery.<\/p>\n<p>The orders, whatever their origins, are payable in Euros.<\/p>\n<p>Revue Noire reserves the right to update, without notice, the sale price listed on his online gallery.<\/p>\n<p>The prices of the same editions for sale at the gallery can be different.<\/p>\n<p>The shipments are made under coditionnement adapted by express carrier or priority post.<\/p>\n<p>&nbsp;<\/p>\n<h3>Article 5 : ACCEPTANCE OF THE OFFER<\/h3>\n<p>Acceptance of the offer by the purchaser takes the form of validation in the context of the gallery mail, an &#8220;approval click&#8221; after making all of the information by the recipient&#8221;: Name, Phone , Shipping Address, E-mail.<\/p>\n<p>The order placed by the purchaser is subject to written confirmation by e-mail BICFL \/ Revue Noire.<\/p>\n<p>&nbsp;<\/p>\n<h3>Article 6 : PAYMENT<\/h3>\n<p>RN \/ BICFL proposed modes of payment in Euros<\/p>\n<p>1) On Online secured by SSL encryption on the PAYPAL site (internationally recognized) by credit card Visa, Mastercard\u2026 around BICFL. According to PayPal contions. PayPal\u00a0\u00a0have few restrictions\u00a0for hight payment from few countries. In this context, for security for the buyer, BICFL \/ Revue Noire is not aware of references to the credit card of the purchaser.<\/p>\n<p>2) After prior agreement between the parties, at the Maison Revue Noire, by any means (check or bank transfer in Euros payable to BICFL). Payment by check or wire transfer of command will be treated as the date Record the check or bank transfer (amount corresponding to the total order placed). The purchaser certifies in validating his order, and that he is a regular situation with respect to the issuer the payment card, check or wire transfer.<\/p>\n<p>&nbsp;<\/p>\n<h3>Bank References :<\/h3>\n<p>BICFL s.a.s., 8 rue Cels, F \u2013 75014 Paris<\/p>\n<p>Banque : Soci\u00e9t\u00e9 g\u00e9n\u00e9rale,\u00a0Paris Denfert (03280), 5 avenue du G\u00e9n\u00e9ral Leclerc, 75014 Paris, tel : +33 (0)1 4064 1040<\/p>\n<p>RIB : 30003 \u2013 01987 \u2013 00020023924 \u2013 57<\/p>\n<p>IBAN : FR76 \u2013 3000 \u2013 3019 \u2013 8700 \u2013 0200 \u2013 2392 \u2013 457<\/p>\n<p>BIC : SOGEFRPP<\/p>\n<p>&nbsp;<\/p>\n<h3>Article 7 : DELIVERY<\/h3>\n<p>Works and publishings ordered on the website are delivered to the shipping address provided during the checkout process, in packaging adapted by priority post with acknowledgment of receipt or Post Colissimo Expert delivery against signature or by express carrier accepted by Revue Noire\/BICFL.<\/p>\n<p>The original art works are hand-delivered to the gallery for orders made in place.<\/p>\n<p>According to availability of orders, delivery times or availability are 5 to 15 days depending on the place of shipment. These deadlines are extended, if payment by check, of the period of collection.<\/p>\n<p>In case of delay will be sent an email to the buyer.<\/p>\n<p>The dates and delivery times mentioned are indicative.<\/p>\n<p>Any delays in delivery may in no circumstances give rise to any compensation or penalties charged to Revue Noire.<\/p>\n<p>But all orders not shipped within a maximum of 30 days following the date of receipt of payment can be canceled by the purchaser and will be refunded, except in cases of force majeure (war, riots, strikes, accidents &#8230;)<\/p>\n<p>At any time the purchaser may request the status of his order by special request via email to <a href=\"mailto:redaction@revuenoire.com\">redaction@revuenoire.com<\/a>.<\/p>\n<p>&nbsp;<\/p>\n<h3>Article 8 : RECEIPT \/ RETURN OF GOODS<\/h3>\n<p>In case of problems upon receipt of goods it is essential that the purchaser, in addition to the &#8220;handwritten reserves&#8221; to be issued, be made to establish a &#8220;record of anomalies&#8221; by the post office which he belongs or by the carrier .<\/p>\n<p>This form should be sent to BICFL \/ Revue Noire so that it can investigate and take legal action for compensation.<\/p>\n<p>In the case of an apparent defect or nonconformity of the goods delivered, any acquisition of assets will be the subject of a formal agreement between BICFL \/ Revue Noire and the buyer.<\/p>\n<p>Any return agreement will entitle the purchaser to obtain a free replacement goods or refund of a credit to his profit, excluding any other compensation or damages.<\/p>\n<p>The property must be returned in their original packaging at the expense of the purchaser.<\/p>\n<p>&nbsp;<\/p>\n<h3>Article 9 : WITHDRAWAL<\/h3>\n<p>Under the provisions of Article 121-16 of the French Code of Consumption, the purchaser has a period of 7 calendar days from receipt of order for the return goods, at its expense in the original package and request an exchange or refund.<\/p>\n<p>After that, it is considered that the buyer accepts the goods and may no longer exercise his right to claim.<\/p>\n<p>&nbsp;<\/p>\n<h3>Article 10 : INTELLECTUAL PROPERTY<\/h3>\n<p>All art works solded on the site www.revuenoire.com or the gallery are protected to the provisions of the French Code of Intellectual Property as intellectual work entitled to copyright no articles L111-1 et seq.<\/p>\n<p>The rights of the acquirer on the work are limited to a right of private use, excluding any right of representation and reproduction.<\/p>\n<p>Any representation or reproduction in whole or in part made without the consent of their authors and Revue Noire is illegal.<\/p>\n<p>&nbsp;<\/p>\n<h3>Article 11 : PERSONAL DATA INFORMATION<\/h3>\n<p>All personal information of the purchaser shall be exclusively for our services.<\/p>\n<p>According to the law and freedoms of January 6, 1978, the purchaser has at any time the right of access, rectification and opposition to personal data.<\/p>\n<p>Furthermore, we pledge not to sell or rent transmit this information to the attention of others. You can exercise this right by making the application reach:<\/p>\n<p>&#8211; By e-mail <a href=\"mailto:order@revuenoire.com\">order@revuenoire.com<\/a> to<\/p>\n<p>&#8211; or by mail to BICFL \/ Revue Noire, 8 rue Cels, F-75014 Paris<\/p>\n<p>&nbsp;<\/p>\n<h3>Article 12 : APPLICABLE LAW<\/h3>\n<p>This agreement in French is subject to French law and in particular to Article L 121-16 to L 121-20 of the Consumer Code.<\/p>\n<p>&nbsp;<\/p>\n<h3>Article 13 : SETTLEMENT OF DISPUTES<\/h3>\n<p>In the event that a dispute would arise from this contract, the parties agree before any legal action to seek an amicable solution. Otherwise, disputes are in the courts of Paris 14th.<\/p>\n<p>&nbsp;<\/p>\n<h3>About Data Protection Act<\/h3>\n<p>Under the Data Protection Act (January 6, 1978, art. 34) You have a right to access and modify, correct or delete all your information by mail To: <a href=\"mailto:redaction@revuenoire.com\">redaction@revuenoire.com<\/a> Furthermore, we pledge not to sell or rent transmit this information to the attention of others.<\/p>\n<p>&nbsp;<\/p>\n<h3>Law on Copyright<\/h3>\n<p>All works and publishings in this site are property of their authors. They constitute authors works within the meaning of the Article L112-1 of the French Code of Intellectual Property.<\/p>\n<p>Accordingly, any representation or reproduction integral partial or could be made without the consent of the author is illegal.<\/p>\n<p>.<\/p>\n<p>.<\/p>\n","protected":false},"excerpt":{"rendered":"<p>Terms and  conditions of sale with BICFL \/ Revue Noire<\/p>\n","protected":false},"author":1,"featured_media":0,"parent":0,"menu_order":0,"comment_status":"closed","ping_status":"closed","template":"","meta":{"_exactmetrics_skip_tracking":false,"_exactmetrics_sitenote_active":false,"_exactmetrics_sitenote_note":"","_exactmetrics_sitenote_category":0,"footnotes":""},"tags":[],"aioseo_notices":[],"_links":{"self":[{"href":"https:\/\/www.revuenoire.com\/en\/wp-json\/wp\/v2\/pages\/825"}],"collection":[{"href":"https:\/\/www.revuenoire.com\/en\/wp-json\/wp\/v2\/pages"}],"about":[{"href":"https:\/\/www.revuenoire.com\/en\/wp-json\/wp\/v2\/types\/page"}],"author":[{"embeddable":true,"href":"https:\/\/www.revuenoire.com\/en\/wp-json\/wp\/v2\/users\/1"}],"replies":[{"embeddable":true,"href":"https:\/\/www.revuenoire.com\/en\/wp-json\/wp\/v2\/comments?post=825"}],"version-history":[{"count":0,"href":"https:\/\/www.revuenoire.com\/en\/wp-json\/wp\/v2\/pages\/825\/revisions"}],"wp:attachment":[{"href":"https:\/\/www.revuenoire.com\/en\/wp-json\/wp\/v2\/media?parent=825"}],"wp:term":[{"taxonomy":"post_tag","embeddable":true,"href":"https:\/\/www.revuenoire.com\/en\/wp-json\/wp\/v2\/tags?post=825"}],"curies":[{"name":"wp","href":"https:\/\/api.w.org\/{rel}","templated":true}]}}