{"id":805,"date":"2015-11-06T13:23:47","date_gmt":"2015-11-06T12:23:47","guid":{"rendered":"http:\/\/www.revuenoire.com\/?page_id=805&#038;lang=en"},"modified":"2018-01-22T12:16:42","modified_gmt":"2018-01-22T11:16:42","slug":"mentions-legales","status":"publish","type":"page","link":"https:\/\/www.revuenoire.com\/en\/mentions-legales\/","title":{"rendered":"Mentions l\u00e9gales"},"content":{"rendered":"<hr width=\"100%\" \/>\n<h1>Legal informations for Revue Noire site<\/h1>\n<hr width=\"100%\" \/>\n<p>&nbsp;<\/p>\n<p>REVUE NOIRE is a registred brand\u00a0of BICFL s.a.s<br \/>\nwww.revuenoire.com<\/p>\n<p>BICFL s.a.s. is a French\u00a0limited company with a\u00a0capital of\u00a079 050\u00a0Euros<\/p>\n<p>www.bicfl.fr<\/p>\n<p>Director PDG\u00a0: Jean Loup Pivin<\/p>\n<p>Official location :\u00a08 rue Cels, 75014 Paris, France<\/p>\n<p>Phone\u00a0: +33 (0)1 4320 2814<\/p>\n<p>E-mail : <a href=\"mailto:redaction@revuenoire.com\">redaction@revuenoire.com<\/a><\/p>\n<p>No intra-communautaire CE : FR 62 338 401 524<\/p>\n<p>RC Paris B 338 401 524 \u2013 SIRET 338 401 524 000 16 \u2013 CODE Naf 748K<\/p>\n<p>&nbsp;<\/p>\n<h3>BICFL Bank ReFeRENCES<\/h3>\n<p>BICFL s.a.s., 8 rue Cels, F \u2013 75014 Paris<\/p>\n<p>Bank : Soci\u00e9t\u00e9 g\u00e9n\u00e9rale,\u00a0Paris Denfert (03280), 5 avenue du G\u00e9n\u00e9ral Leclerc, 75014 Paris, tel : +33 (0)1 4064 1040<\/p>\n<p>RIB : 30003 \u2013 01987 \u2013 00020023924 \u2013 57<\/p>\n<p>IBAN : FR76 \u2013 3000 \u2013 3019 \u2013 8700 \u2013 0200 \u2013 2392 \u2013 457<\/p>\n<p>BIC : SOGEFRPP<\/p>\n<p>&nbsp;<\/p>\n<h3>INTELLECTUAL PROPERTY<\/h3>\n<p>All art works sold on the site www.revuenoire.com or the gallery are protected to the provisions of the French Code of Intellectual Property as intellectual work entitled to copyright no articles L111-1 et seq.<\/p>\n<p>The rights of the acquirer on the work are limited to a right of private use, excluding any right of representation and reproduction.<\/p>\n<p>Any representation or reproduction in whole or in part made without the consent of their authors and Revue Noire is illegal.<\/p>\n<p>&nbsp;<\/p>\n<h3>PERSONAL DATA INFORMATION<\/h3>\n<p>All personal information of the purchaser shall be exclusively for our services.<\/p>\n<p>According to the law and freedoms of January 6, 1978, the purchaser has at any time the right of access, rectification and opposition to personal data.<\/p>\n<p>Furthermore, we pledge not to sell or rent transmit this information to the attention of others. You can exercise this right by making the application reach:<\/p>\n<p>&#8211; By e-mail <a href=\"mailto:order@revuenoire.com\">order@revuenoire.com<\/a> to<\/p>\n<p>&#8211; or by mail to BICFL \/ Revue Noire, 8 rue Cels, F-75014 Paris<\/p>\n<p>&nbsp;<\/p>\n<h3>ABOUT DATA PROTECTION ACT<\/h3>\n<p>Under the Data Protection Act (January 6, 1978, art. 34) You have a right to access and modify, correct or delete all your information by mail To: <a href=\"mailto:redaction@revuenoire.com\">redaction@revuenoire.com<\/a> Furthermore, we pledge not to sell or rent transmit this information to the attention of others.<\/p>\n<p>&nbsp;<\/p>\n<h3>LAW ON COPYRIGHT<\/h3>\n<p>All works and publishings in this site are property of their authors. They constitute authors works within the meaning of the Article L112-1 of the French Code of Intellectual Property.<\/p>\n<p>Accordingly, any representation or reproduction integral partial or could be made without the consent of the author is illegal.<\/p>\n<p>&nbsp;<\/p>\n<h3>\u00a0APPLICABLE LAW<\/h3>\n<p>This agreement in French is subject to French law and in particular to Article L 121-16 to L 121-20 of the Consumer Code.<\/p>\n<p class=\"p1\"><span class=\"s1\">Otherwise, disputes are in the courts of Paris 14th.<\/span><\/p>\n<p>&nbsp;<\/p>\n","protected":false},"excerpt":{"rendered":"<p>L\u00e9gal informations of Revue Noire site.<\/p>\n","protected":false},"author":1,"featured_media":0,"parent":0,"menu_order":0,"comment_status":"closed","ping_status":"closed","template":"","meta":{"_exactmetrics_skip_tracking":false,"_exactmetrics_sitenote_active":false,"_exactmetrics_sitenote_note":"","_exactmetrics_sitenote_category":0,"footnotes":""},"tags":[],"aioseo_notices":[],"_links":{"self":[{"href":"https:\/\/www.revuenoire.com\/en\/wp-json\/wp\/v2\/pages\/805"}],"collection":[{"href":"https:\/\/www.revuenoire.com\/en\/wp-json\/wp\/v2\/pages"}],"about":[{"href":"https:\/\/www.revuenoire.com\/en\/wp-json\/wp\/v2\/types\/page"}],"author":[{"embeddable":true,"href":"https:\/\/www.revuenoire.com\/en\/wp-json\/wp\/v2\/users\/1"}],"replies":[{"embeddable":true,"href":"https:\/\/www.revuenoire.com\/en\/wp-json\/wp\/v2\/comments?post=805"}],"version-history":[{"count":0,"href":"https:\/\/www.revuenoire.com\/en\/wp-json\/wp\/v2\/pages\/805\/revisions"}],"wp:attachment":[{"href":"https:\/\/www.revuenoire.com\/en\/wp-json\/wp\/v2\/media?parent=805"}],"wp:term":[{"taxonomy":"post_tag","embeddable":true,"href":"https:\/\/www.revuenoire.com\/en\/wp-json\/wp\/v2\/tags?post=805"}],"curies":[{"name":"wp","href":"https:\/\/api.w.org\/{rel}","templated":true}]}}